{"id":448,"date":"2022-05-02T14:23:29","date_gmt":"2022-05-02T13:23:29","guid":{"rendered":"https:\/\/bimbcn.net\/inicio\/"},"modified":"2026-03-13T11:14:33","modified_gmt":"2026-03-13T10:14:33","slug":"inicio","status":"publish","type":"page","link":"https:\/\/bimbcn.net\/es\/","title":{"rendered":"Inicio"},"content":{"rendered":"<div class=\"wpb-content-wrapper\"><p>[vc_row][vc_column][vc_custom_heading text=\u00bbBIMbcn\u00bb font_container=\u00bbtag:h1|text_align:left\u00bb use_theme_fonts=\u00bbyes\u00bb el_class=\u00bbmlh_h1&#8243; css_params=\u00bb\u00bb]<div class=\"porto-block\" data-id=\"459\"><style>.vc_custom_1770894244568{padding-right: 50% !important;}.vc_custom_1771947784527{padding-top: 50px !important;padding-right: 40px !important;padding-bottom: 50px !important;padding-left: 45px !important;background-color: rgba(255,255,255,0.85) !important;*background-color: rgb(255,255,255) !important;}.vc_custom_1773244688379{margin-top: 20px !important;}.wpb_custom_c86c2fb53cae9eced42d4b8900a042f3 .owl-item:not(.active){opacity: 0.5}.wpb_custom_c86c2fb53cae9eced42d4b8900a042f3{--porto-el-spacing: 0px;}@media(max-width:1269px){.vc_custom_1770894244568{padding-right:40%!important;}}@media(max-width:991px){.vc_custom_1770894244568{padding-right:20%!important;padding-left:20px!important;}}@media(max-width:767px){.vc_custom_1770894244568{padding-right:20px!important;padding-left:20px!important;}}.wpb_custom_1d08be6c70f3ab2afcdd823d07335537.porto-u-heading .porto-u-main-heading > *{font-size:2.8em;}.wpb_custom_1d08be6c70f3ab2afcdd823d07335537 .porto-u-sub-heading{font-size:1.45em;}.wpb_custom_1d08be6c70f3ab2afcdd823d07335537.porto-u-heading .porto-u-main-heading > *{font-weight:700;font-style:italic;line-height:1.1em;text-transform:none;}.wpb_custom_1d08be6c70f3ab2afcdd823d07335537 .porto-u-sub-heading{font-weight:400;line-height:1.3;text-transform:none;}<\/style>[vc_row full_width=\"stretch_row\" no_padding=\"yes\" el_class=\"mlh_slider overflow-hidden intro-section\" conditional_render=\"%5B%7B%22value_role%22%3A%22administrator%22%7D%5D\" el_id=\"slider\"][vc_column][vc_row_inner el_class=\"intro-banner\"][vc_column_inner el_class=\"h-100\"]<div class=\"porto-carousel owl-carousel has-ccols ccols-xl-1 ccols-lg-1 ccols-md-1 ccols-sm-1 ccols-1 custom-nav-style mb-0 h-100 wpb_custom_c86c2fb53cae9eced42d4b8900a042f3 nav-bottom\" data-plugin-options=\"{&quot;themeConfig&quot;:true,&quot;stagePadding&quot;:0,&quot;margin&quot;:0,&quot;autoplay&quot;:&quot;yes&quot;,&quot;mouseDrag&quot;:false,&quot;touchDrag&quot;:false,&quot;autoplayTimeout&quot;:6000,&quot;autoplayHoverPause&quot;:false,&quot;items&quot;:1,&quot;xl&quot;:1,&quot;lg&quot;:1,&quot;md&quot;:1,&quot;sm&quot;:1,&quot;xs&quot;:1,&quot;nav&quot;:&quot;yes&quot;,&quot;dots&quot;:false,&quot;animateIn&quot;:&quot;fadeIn&quot;,&quot;animateOut&quot;:&quot;fadeOut&quot;,&quot;loop&quot;:false,&quot;center&quot;:false,&quot;video&quot;:false,&quot;lazyLoad&quot;:false,&quot;fullscreen&quot;:false}\"><div class=\"porto-ibanner interactive-banner-wrap-07dd21040fa50768c9d370ae74e47015 mb-0 slide-1\" style=\"background:#f2f2f2;\"><div class=\"banner-effect-wrapper\"><div class=\"banner-effect kenBurnsToRight\" style=\"background-image: url(https:\/\/bimbcn.net\/wp-content\/uploads\/2023\/04\/image-01-scaled.jpg); background-size: cover;background-position: center;animation-duration: 20s;\"><\/div><\/div><img loading=\"lazy\" decoding=\"async\" alt=\"BIMbcn serveis, s.l.\" width=\"2560\" height=\"1637\" class=\"porto-ibanner-img invisible\" src=\"https:\/\/bimbcn.net\/wp-content\/uploads\/2023\/04\/image-01-scaled.jpg\" srcset=\"https:\/\/bimbcn.net\/wp-content\/uploads\/2023\/04\/image-01-scaled.jpg 2560w, https:\/\/bimbcn.net\/wp-content\/uploads\/2023\/04\/image-01-1024x655.jpg 1024w, https:\/\/bimbcn.net\/wp-content\/uploads\/2023\/04\/image-01-768x491.jpg 768w, https:\/\/bimbcn.net\/wp-content\/uploads\/2023\/04\/image-01-1536x982.jpg 1536w, https:\/\/bimbcn.net\/wp-content\/uploads\/2023\/04\/image-01-2048x1309.jpg 2048w, https:\/\/bimbcn.net\/wp-content\/uploads\/2023\/04\/image-01-640x409.jpg 640w, https:\/\/bimbcn.net\/wp-content\/uploads\/2023\/04\/image-01-400x256.jpg 400w\" sizes=\"auto, (max-width: 2560px) 100vw, 2560px\"><div class=\"porto-ibanner-desc no-padding d-flex\"><div class=\"container\"><div class=\"porto-ibanner-container\"><div class=\"porto-ibanner-layer vc_custom_1770894244568 wpb_custom_2c5109c031829f9c54153ed0e6239ff6 banner-pos-f6356757d4f73384a3f5bc65723ae83a\" style=\"width:100%;\"><div class=\"porto-u-heading mlh_box_rounded  wpb_custom_1d08be6c70f3ab2afcdd823d07335537 porto-u-ad87e2eaf3f9c495180fe0156ddf3eb0  vc_custom_1771947784527\" data-appear-animation=\"fadeInUp\" data-appear-animation-delay=\"400\"><div class=\"porto-u-main-heading\"><h2   style=\"color:var(--porto-primary-color);margin-bottom: 12px;\">BIMbcn servicios, S.L.<\/h2><\/div><div class=\"porto-u-sub-heading\" style=\"color: #0a0a0a;margin-bottom:0px;\">Asesoramos a empresas y particulares para ayudarles a disponer de instalaciones modernas, eficientes y seguras.<\/div><style>.porto-u-ad87e2eaf3f9c495180fe0156ddf3eb0.porto-u-heading{text-align:left}<\/style><\/div>[vc_btn title=\"M\u00e1s Informaci\u00f3n\" animation_delay=\"400\" custom_onclick=\"true\" css=\".vc_custom_1773244688379{margin-top: 20px !important;}\" link=\"url:https%3A%2F%2Fbimbcn.net%2Fes%2F%23nosotros\" animation_type=\"fadeInUp\" el_class=\"mlh_btn\" css_params=\"\" custom_onclick_code=\"window.theme.scrolltoContainer(jQuery(``#nosotros``));return false;\"]<style>.banner-pos-f6356757d4f73384a3f5bc65723ae83a {left: 50%;right: unset;top: 50%;bottom: unset;transform: translate(-50%, -50%);}<\/style><\/div><\/div><\/div><\/div><\/div><\/div>[\/vc_column_inner][\/vc_row_inner][\/vc_column][\/vc_row]<\/div>[\/vc_column][\/vc_row][vc_section full_width=\u00bbstretch_row\u00bb parallax=\u00bbcontent-moving\u00bb parallax_image=\u00bb386&#8243; css=\u00bb.vc_custom_1770911020877{padding-top: 80px !important;padding-bottom: 80px !important;}\u00bb conditional_render=\u00bb%5B%7B%22value_role%22%3A%22administrator%22%7D%5D\u00bb css_params=\u00bb\u00bb el_class=\u00bbmlh_tintar_paralax\u00bb][vc_row gap=\u00bb35&#8243; conditional_render=\u00bb%5B%7B%22value_role%22%3A%22administrator%22%7D%5D\u00bb css_params=\u00bb\u00bb][vc_column width=\u00bb1\/6&#8243;][\/vc_column][vc_column width=\u00bb2\/6&#8243;]<a aria-label=\"Ingenier\u00eda de instalaciones\" class=\"porto-sicon-box-link\" href=\"https:\/\/bimbcn.net\/es\/servicios\/#ingenieria\"><div class=\"porto-sicon-box  vc_custom_1773396817106 mlh_servicio  wpb_custom_b119b2860fce58009816ede0d0812a8c style_1 top-icon\"><div class=\"porto-sicon-header\"><h3 class=\"porto-sicon-title\" style=\"\">Ingenier\u00eda de instalaciones<\/h3><\/div> <!-- header --><\/div><!-- porto-sicon-box --><\/a>[\/vc_column][vc_column width=\u00bb2\/6&#8243;]<a aria-label=\"Legalizaci\u00f3n y licencias\" class=\"porto-sicon-box-link\" href=\"https:\/\/bimbcn.net\/es\/servicios\/#licencias\"><div class=\"porto-sicon-box  vc_custom_1773396828404 mlh_servicio  wpb_custom_b119b2860fce58009816ede0d0812a8c style_1 top-icon\"><div class=\"porto-sicon-header\"><h3 class=\"porto-sicon-title\" style=\"\">Legalizaci\u00f3n y licencias<\/h3><\/div> <!-- header --><\/div><!-- porto-sicon-box --><\/a>[\/vc_column][vc_column width=\u00bb1\/6&#8243;][\/vc_column][\/vc_row][\/vc_section][vc_section full_width=\u00bbstretch_row_content\u00bb css=\u00bb.vc_custom_1770909779928{padding-top: 0px !important;background-color: #f2f2f2 !important;}\u00bb conditional_render=\u00bb%5B%7B%22value_role%22%3A%22administrator%22%7D%5D\u00bb css_params=\u00bb\u00bb el_id=\u00bbnosotros\u00bb][vc_row no_padding=\u00bbyes\u00bb content_placement=\u00bbmiddle\u00bb conditional_render=\u00bb%5B%7B%22value_role%22%3A%22administrator%22%7D%5D\u00bb css_params=\u00bb\u00bb][vc_column width=\u00bb1\/2&#8243; css=\u00bb.vc_custom_1770909146460{padding-top: 80px !important;padding-right: 120px !important;padding-bottom: 80px !important;padding-left: 120px !important;}\u00bb conditional_render=\u00bb%5B%7B%22value_role%22%3A%22administrator%22%7D%5D\u00bb css_params=\u00bb{\u00abcss_padding_right_xxl\u00ab:\u00ab80px\u00ab,\u00abcss_padding_left_xxl\u00ab:\u00ab80px\u00ab,\u00abcss_padding_top_xl\u00ab:\u00ab50px\u00ab,\u00abcss_padding_right_xl\u00ab:\u00ab50px\u00ab,\u00abcss_padding_bottom_xl\u00ab:\u00ab50px\u00ab,\u00abcss_padding_left_xl\u00ab:\u00ab50px\u00ab,\u00abcss_padding_right_lg\u00ab:\u00ab30px\u00ab,\u00abcss_padding_left_lg\u00ab:\u00ab30px\u00ab,\u00abcss_padding_top_md\u00ab:\u00ab80px\u00ab,\u00abcss_padding_right_md\u00ab:\u00ab50px\u00ab,\u00abcss_padding_bottom_md\u00ab:\u00ab80px\u00ab,\u00abcss_padding_left_md\u00ab:\u00ab50px\u00ab}\u00bb custom_css_response=\u00bb@media(max-width:porto-xxlpx){.vc_custom_1770909146460{padding-right:80px!important;padding-left:80px!important;}}@media(max-width:porto-xlpx){.vc_custom_1770909146460{padding-top:50px!important;padding-right:50px!important;padding-bottom:50px!important;padding-left:50px!important;}}@media(max-width:991px){.vc_custom_1770909146460{padding-right:30px!important;padding-left:30px!important;}}@media(max-width:767px){.vc_custom_1770909146460{padding-top:80px!important;padding-right:50px!important;padding-bottom:80px!important;padding-left:50px!important;}}\u00bb][vc_custom_heading text=\u00bbServicios de BIMbcn\u00bb use_theme_fonts=\u00bbyes\u00bb css_params=\u00bb\u00bb][vc_column_text css=\u00bb.vc_custom_1771947932595{margin-bottom: 40px !important;}\u00bb css_params=\u00bb\u00bb]En <strong>BIMbcn<\/strong> asesoramos a empresas y particulares para ayudarles a disponer de instalaciones modernas, eficientes y seguras. Nos centramos en garantizar que cada proyecto sea funcional, sostenible y f\u00e1cil de mantener, siempre con el objetivo de obtener el m\u00e1ximo rendimiento energ\u00e9tico y econ\u00f3mico.<\/p>\n<p>Nuestro equipo est\u00e1 formado por profesionales con experiencia en <strong>ingenier\u00eda e instalaciones<\/strong><\/p>\n<p>Nuestros proyectos se realizan con <strong>tecnolog\u00eda BIM<\/strong>. Trabajamos con rigor, fiabilidad y compromiso en cada fase del proyecto, desde el dise\u00f1o hasta la puesta en marcha.[\/vc_column_text][vc_btn title=\u00bbServicios\u00bb css=\u00bb.vc_custom_1770914889778{margin-bottom: 0px !important;}\u00bb link=\u00bburl:https%3A%2F%2Fbimbcn.net%2Fes%2Fservicios%2F|\u00bb el_class=\u00bbmlh_btn\u00bb css_params=\u00bb\u00bb][\/vc_column][vc_column width=\u00bb1\/2&#8243; css=\u00bb.vc_custom_1772008525132{padding-top: 110px !important;padding-bottom: 110px !important;background-image: url(https:\/\/bimbcn.net\/wp-content\/uploads\/2026\/02\/image-02c.jpg?id=444) !important;background-position: center !important;background-repeat: no-repeat !important;background-size: cover !important;}\u00bb conditional_render=\u00bb%5B%7B%22value_role%22%3A%22administrator%22%7D%5D\u00bb css_params=\u00bb\u00bb el_class=\u00bbmlh_bg_align_top\u00bb][\/vc_column][\/vc_row][\/vc_section][vc_section full_width=\u00bbstretch_row_content\u00bb css=\u00bb.vc_custom_1772007818474{padding-top: 0px !important;background-color: #f2f2f2 !important;}\u00bb conditional_render=\u00bb%5B%7B%22value_role%22%3A%22administrator%22%7D%5D\u00bb css_params=\u00bb\u00bb el_id=\u00bbcontacto\u00bb][vc_row no_padding=\u00bbyes\u00bb content_placement=\u00bbmiddle\u00bb conditional_render=\u00bb%5B%7B%22value_role%22%3A%22administrator%22%7D%5D\u00bb css_params=\u00bb\u00bb][vc_column width=\u00bb1\/2&#8243; css=\u00bb.vc_custom_1770967346865{padding-top: 80px !important;padding-right: 120px !important;padding-bottom: 80px !important;padding-left: 120px !important;background-image: url(https:\/\/bimbcn.net\/wp-content\/uploads\/2026\/02\/planol-bg-2-scaled.jpg?id=410) !important;background-position: center !important;background-repeat: no-repeat !important;background-size: cover !important;}\u00bb conditional_render=\u00bb%5B%7B%22value_role%22%3A%22administrator%22%7D%5D\u00bb css_params=\u00bb{\u00abcss_padding_right_xxl\u00ab:\u00ab80px\u00ab,\u00abcss_padding_left_xxl\u00ab:\u00ab80px\u00ab,\u00abcss_padding_top_xl\u00ab:\u00ab50px\u00ab,\u00abcss_padding_right_xl\u00ab:\u00ab50px\u00ab,\u00abcss_padding_bottom_xl\u00ab:\u00ab50px\u00ab,\u00abcss_padding_left_xl\u00ab:\u00ab50px\u00ab,\u00abcss_padding_right_lg\u00ab:\u00ab30px\u00ab,\u00abcss_padding_left_lg\u00ab:\u00ab30px\u00ab,\u00abcss_padding_top_md\u00ab:\u00ab80px\u00ab,\u00abcss_padding_right_md\u00ab:\u00ab50px\u00ab,\u00abcss_padding_bottom_md\u00ab:\u00ab80px\u00ab,\u00abcss_padding_left_md\u00ab:\u00ab50px\u00ab}\u00bb custom_css_response=\u00bb@media(max-width:porto-xxlpx){.vc_custom_1770967346865{padding-right:80px!important;padding-left:80px!important;}}@media(max-width:porto-xlpx){.vc_custom_1770967346865{padding-top:50px!important;padding-right:50px!important;padding-bottom:50px!important;padding-left:50px!important;}}@media(max-width:991px){.vc_custom_1770967346865{padding-right:30px!important;padding-left:30px!important;}}@media(max-width:767px){.vc_custom_1770967346865{padding-top:80px!important;padding-right:50px!important;padding-bottom:80px!important;padding-left:50px!important;}}\u00bb el_class=\u00bbmlh_tintar_bg\u00bb][vc_custom_heading text=\u00bb\u00bfNecesita asesoramiento especializado?\u00bb font_container=\u00bbtag:div|font_size:2em|text_align:left|color:%230a0a0a|line_height:1.2em\u00bb use_theme_fonts=\u00bbyes\u00bb font_family=\u00bbComfortaa\u00bb font_weight=\u00bb700&#8243; letter_spacing=\u00bb-2px\u00bb css=\u00bb.vc_custom_1770967967456{margin-bottom: 15px !important;}\u00bb css_params=\u00bb\u00bb el_class=\u00bbmlh_text_shine\u00bb][vc_column_text css=\u00bb\u00bb text_color=\u00bb#0a0a0a\u00bb text_typography=\u00bb{\u00abfamily\u00ab:\u00abDefault\u00ab,\u00abvariant\u00ab:\u00ab500\u00ab,\u00abfont_size\u00ab:\u00ab1.2em\u00ab,\u00abline_height\u00ab:\u00ab1.2em\u00ab,\u00abletter_spacing\u00ab:\u00ab\u00ab,\u00abtext_transform\u00ab:\u00ab\u00ab}\u00bb css_params=\u00bb\u00bb el_class=\u00bbmlh_text_shine\u00bb]Nuestro equipo le acompa\u00f1a en cada fase del proceso. Solicite una reuni\u00f3n con nuestros expertos.[\/vc_column_text][\/vc_column][vc_column width=\u00bb1\/2&#8243; css=\u00bb.vc_custom_1770967837992{padding-top: 80px !important;padding-right: 120px !important;padding-bottom: 80px !important;padding-left: 100px !important;}\u00bb conditional_render=\u00bb%5B%7B%22value_role%22%3A%22administrator%22%7D%5D\u00bb css_params=\u00bb{\u00abcss_padding_right_xxl\u00ab:\u00ab80px\u00ab,\u00abcss_padding_left_xxl\u00ab:\u00ab80px\u00ab,\u00abcss_padding_top_xl\u00ab:\u00ab50px\u00ab,\u00abcss_padding_right_xl\u00ab:\u00ab50px\u00ab,\u00abcss_padding_bottom_xl\u00ab:\u00ab50px\u00ab,\u00abcss_padding_left_xl\u00ab:\u00ab50px\u00ab,\u00abcss_padding_right_lg\u00ab:\u00ab30px\u00ab,\u00abcss_padding_left_lg\u00ab:\u00ab30px\u00ab,\u00abcss_padding_top_md\u00ab:\u00ab80px\u00ab,\u00abcss_padding_right_md\u00ab:\u00ab50px\u00ab,\u00abcss_padding_bottom_md\u00ab:\u00ab80px\u00ab,\u00abcss_padding_left_md\u00ab:\u00ab50px\u00ab}\u00bb custom_css_response=\u00bb@media(max-width:porto-xxlpx){.vc_custom_1770967837992{padding-right:80px!important;padding-left:80px!important;}}@media(max-width:porto-xlpx){.vc_custom_1770967837992{padding-top:50px!important;padding-right:50px!important;padding-bottom:50px!important;padding-left:50px!important;}}@media(max-width:991px){.vc_custom_1770967837992{padding-right:30px!important;padding-left:30px!important;}}@media(max-width:767px){.vc_custom_1770967837992{padding-top:80px!important;padding-right:50px!important;padding-bottom:80px!important;padding-left:50px!important;}}\u00bb][vc_custom_heading text=\u00bbContacto\u00bb use_theme_fonts=\u00bbyes\u00bb css_params=\u00bb\u00bb]<a aria-label=\"tecnic.bimbcn@gmail.com\" class=\"porto-sicon-box-link\" href=\"mailto:tecnic.bimbcn@gmail.com\" target='_blank'><div class=\"porto-sicon-box  vc_custom_1770971037577  wpb_custom_66869a9841ba422e6204f60bb7cef1f1 style_1 default-icon\"><div class=\"porto-sicon-default\"><div class=\"porto-just-icon-wrapper porto-icon circle\" style=\"color:#0a0a0a;font-size:26px;\"><i class=\"fas fa-envelope\"><\/i><\/div><\/div><div class=\"porto-sicon-header\"><div class=\"porto-sicon-title\" style=\"\">tecnic.bimbcn@gmail.com<\/div><\/div> <!-- header --><\/div><!-- porto-sicon-box --><\/a><a aria-label=\"Avda. Andorra 2, 08700 Igualada.\" class=\"porto-sicon-box-link\" href=\"https:\/\/maps.app.goo.gl\/zM2VmPhwz8XT2qX57\" target='_blank'><div class=\"porto-sicon-box  vc_custom_1770971062791  wpb_custom_66869a9841ba422e6204f60bb7cef1f1 style_1 default-icon\"><div class=\"porto-sicon-default\"><div class=\"porto-just-icon-wrapper porto-icon circle\" style=\"color:#0a0a0a;font-size:26px;\"><i class=\"fas fa-map-marker-alt\"><\/i><\/div><\/div><div class=\"porto-sicon-header\"><div class=\"porto-sicon-title\" style=\"\">Avda. Andorra 2, 08700 Igualada.<\/div><\/div> <!-- header --><\/div><!-- porto-sicon-box --><\/a>[\/vc_column][\/vc_row][\/vc_section]<\/p>\n<\/div>","protected":false},"excerpt":{"rendered":"<p>[vc_row][vc_column][vc_custom_heading text=\u00bbBIMbcn\u00bb font_container=\u00bbtag:h1|text_align:left\u00bb use_theme_fonts=\u00bbyes\u00bb el_class=\u00bbmlh_h1&#8243; css_params=\u00bb\u00bb][\/vc_column][\/vc_row][vc_section full_width=\u00bbstretch_row\u00bb parallax=\u00bbcontent-moving\u00bb parallax_image=\u00bb386&#8243; css=\u00bb.vc_custom_1770911020877{padding-top: 80px !important;padding-bottom: 80px !important;}\u00bb conditional_render=\u00bb%5B%7B%22value_role%22%3A%22administrator%22%7D%5D\u00bb css_params=\u00bb\u00bb el_class=\u00bbmlh_tintar_paralax\u00bb][vc_row gap=\u00bb35&#8243; conditional_render=\u00bb%5B%7B%22value_role%22%3A%22administrator%22%7D%5D\u00bb css_params=\u00bb\u00bb][vc_column width=\u00bb1\/6&#8243;][\/vc_column][vc_column width=\u00bb2\/6&#8243;][\/vc_column][vc_column width=\u00bb2\/6&#8243;][\/vc_column][vc_column width=\u00bb1\/6&#8243;][\/vc_column][\/vc_row][\/vc_section][vc_section full_width=\u00bbstretch_row_content\u00bb css=\u00bb.vc_custom_1770909779928{padding-top: 0px !important;background-color: #f2f2f2 !important;}\u00bb conditional_render=\u00bb%5B%7B%22value_role%22%3A%22administrator%22%7D%5D\u00bb css_params=\u00bb\u00bb el_id=\u00bbnosotros\u00bb][vc_row no_padding=\u00bbyes\u00bb content_placement=\u00bbmiddle\u00bb conditional_render=\u00bb%5B%7B%22value_role%22%3A%22administrator%22%7D%5D\u00bb css_params=\u00bb\u00bb][vc_column width=\u00bb1\/2&#8243; css=\u00bb.vc_custom_1770909146460{padding-top: 80px !important;padding-right: 120px !important;padding-bottom: 80px !important;padding-left: 120px !important;}\u00bb conditional_render=\u00bb%5B%7B%22value_role%22%3A%22administrator%22%7D%5D\u00bb css_params=\u00bb{\u00abcss_padding_right_xxl\u00ab:\u00ab80px\u00ab,\u00abcss_padding_left_xxl\u00ab:\u00ab80px\u00ab,\u00abcss_padding_top_xl\u00ab:\u00ab50px\u00ab,\u00abcss_padding_right_xl\u00ab:\u00ab50px\u00ab,\u00abcss_padding_bottom_xl\u00ab:\u00ab50px\u00ab,\u00abcss_padding_left_xl\u00ab:\u00ab50px\u00ab,\u00abcss_padding_right_lg\u00ab:\u00ab30px\u00ab,\u00abcss_padding_left_lg\u00ab:\u00ab30px\u00ab,\u00abcss_padding_top_md\u00ab:\u00ab80px\u00ab,\u00abcss_padding_right_md\u00ab:\u00ab50px\u00ab,\u00abcss_padding_bottom_md\u00ab:\u00ab80px\u00ab,\u00abcss_padding_left_md\u00ab:\u00ab50px\u00ab}\u00bb custom_css_response=\u00bb@media(max-width:porto-xxlpx){.vc_custom_1770909146460{padding-right:80px!important;padding-left:80px!important;}}@media(max-width:porto-xlpx){.vc_custom_1770909146460{padding-top:50px!important;padding-right:50px!important;padding-bottom:50px!important;padding-left:50px!important;}}@media(max-width:991px){.vc_custom_1770909146460{padding-right:30px!important;padding-left:30px!important;}}@media(max-width:767px){.vc_custom_1770909146460{padding-top:80px!important;padding-right:50px!important;padding-bottom:80px!important;padding-left:50px!important;}}\u00bb][vc_custom_heading text=\u00bbServicios de BIMbcn\u00bb use_theme_fonts=\u00bbyes\u00bb css_params=\u00bb\u00bb][vc_column_text [&hellip;]<\/p>\n","protected":false},"author":1,"featured_media":0,"parent":0,"menu_order":0,"comment_status":"closed","ping_status":"closed","template":"","meta":{"_seopress_robots_primary_cat":"","_seopress_titles_title":"%%sitetitle%% %%sep%% %%tagline%%","_seopress_titles_desc":"Expertos en consultor\u00eda BIM en Barcelona. Ofrecemos servicios de modelado, gesti\u00f3n y formaci\u00f3n para proyectos de edificaci\u00f3n y obra civil.","_seopress_robots_index":"","footnotes":""},"class_list":["post-448","page","type-page","status-publish","hentry"],"_links":{"self":[{"href":"https:\/\/bimbcn.net\/es\/wp-json\/wp\/v2\/pages\/448","targetHints":{"allow":["GET"]}}],"collection":[{"href":"https:\/\/bimbcn.net\/es\/wp-json\/wp\/v2\/pages"}],"about":[{"href":"https:\/\/bimbcn.net\/es\/wp-json\/wp\/v2\/types\/page"}],"author":[{"embeddable":true,"href":"https:\/\/bimbcn.net\/es\/wp-json\/wp\/v2\/users\/1"}],"replies":[{"embeddable":true,"href":"https:\/\/bimbcn.net\/es\/wp-json\/wp\/v2\/comments?post=448"}],"version-history":[{"count":2,"href":"https:\/\/bimbcn.net\/es\/wp-json\/wp\/v2\/pages\/448\/revisions"}],"predecessor-version":[{"id":482,"href":"https:\/\/bimbcn.net\/es\/wp-json\/wp\/v2\/pages\/448\/revisions\/482"}],"wp:attachment":[{"href":"https:\/\/bimbcn.net\/es\/wp-json\/wp\/v2\/media?parent=448"}],"curies":[{"name":"wp","href":"https:\/\/api.w.org\/{rel}","templated":true}]}}