{"id":467,"date":"2026-02-12T17:26:36","date_gmt":"2026-02-12T16:26:36","guid":{"rendered":"https:\/\/bimbcn.net\/servicios\/"},"modified":"2026-03-11T16:54:46","modified_gmt":"2026-03-11T15:54:46","slug":"servicios","status":"publish","type":"page","link":"https:\/\/bimbcn.net\/es\/servicios\/","title":{"rendered":"Servicios"},"content":{"rendered":"<div class=\"wpb-content-wrapper\"><p>[vc_section full_width=\u00bbstretch_row\u00bb css=\u00bb.vc_custom_1773244423996{padding-top: 80px !important;padding-bottom: 80px !important;}\u00bb conditional_render=\u00bb%5B%7B%22value_role%22%3A%22administrator%22%7D%5D\u00bb css_params=\u00bb\u00bb el_id=\u00bbingenieria\u00bb][vc_row gap=\u00bb35&#8243; content_placement=\u00bbmiddle\u00bb conditional_render=\u00bb%5B%7B%22value_role%22%3A%22administrator%22%7D%5D\u00bb css_params=\u00bb\u00bb][vc_column width=\u00bb1\/2&#8243;][vc_custom_heading text=\u00bbIngenier\u00eda de instalaciones\u00bb use_theme_fonts=\u00bbyes\u00bb css_params=\u00bb\u00bb][vc_column_text css=\u00bb\u00bb css_params=\u00bb\u00bb]Dise\u00f1amos y desarrollamos proyectos de instalaciones adaptados a cada edificio y cliente. Desde la idea inicial hasta la documentaci\u00f3n t\u00e9cnica final, nos encargamos de todo el proceso con una visi\u00f3n eficiente, segura y sostenible.<\/p>\n<p>Apostamos por soluciones innovadoras y rentables que aseguran el confort, el ahorro energ\u00e9tico y la durabilidad de las instalaciones. Nos encargamos de la direcci\u00f3n de obra para garantizar que cada proyecto se construya tal como ha sido dise\u00f1ado. Supervisamos la ejecuci\u00f3n y controlamos la calidad.[\/vc_column_text][\/vc_column][vc_column width=\u00bb1\/2&#8243;][vc_single_image image=\u00bb465&#8243; img_size=\u00bbfull\u00bb css=\u00bb\u00bb img_object=\u00bbcover\u00bb img_pos=\u00bbcenter center\u00bb el_class=\u00bbmlh_box_rounded\u00bb img_width=\u00bb{\u00abxl\u00ab:\u00ab100\u00ab,\u00abunit\u00ab:\u00ab%\u00ab,\u00abxs\u00ab:\u00ab\u00ab,\u00absm\u00ab:\u00ab\u00ab,\u00abmd\u00ab:\u00ab\u00ab,\u00ablg\u00ab:\u00ab\u00ab}\u00bb img_height=\u00bb{\u00abxl\u00ab:\u00ab350\u00ab,\u00abunit\u00ab:\u00ab\u00ab,\u00abxs\u00ab:\u00ab\u00ab,\u00absm\u00ab:\u00ab\u00ab,\u00abmd\u00ab:\u00ab\u00ab,\u00ablg\u00ab:\u00ab\u00ab}\u00bb css_params=\u00bb\u00bb][\/vc_column][\/vc_row][\/vc_section][vc_section full_width=\u00bbstretch_row\u00bb css=\u00bb.vc_custom_1770965531719{padding-top: 80px !important;padding-bottom: 80px !important;background-color: #efefef !important;}\u00bb conditional_render=\u00bb%5B%7B%22value_role%22%3A%22administrator%22%7D%5D\u00bb css_params=\u00bb\u00bb el_id=\u00bblicencias\u00bb][vc_row gap=\u00bb35&#8243; content_placement=\u00bbmiddle\u00bb conditional_render=\u00bb%5B%7B%22value_role%22%3A%22administrator%22%7D%5D\u00bb css_params=\u00bb\u00bb][vc_column width=\u00bb1\/2&#8243; el_class=\u00bbmlh_orden_despues\u00bb conditional_render=\u00bb%5B%7B%22value_role%22%3A%22administrator%22%7D%5D\u00bb css_params=\u00bb\u00bb][vc_single_image image=\u00bb466&#8243; img_size=\u00bbfull\u00bb css=\u00bb\u00bb img_object=\u00bbcover\u00bb img_pos=\u00bbcenter center\u00bb el_class=\u00bbmlh_box_rounded\u00bb img_width=\u00bb{\u00abxl\u00ab:\u00ab100\u00ab,\u00abunit\u00ab:\u00ab%\u00ab,\u00abxs\u00ab:\u00ab\u00ab,\u00absm\u00ab:\u00ab\u00ab,\u00abmd\u00ab:\u00ab\u00ab,\u00ablg\u00ab:\u00ab\u00ab}\u00bb img_height=\u00bb{\u00abxl\u00ab:\u00ab300\u00ab,\u00abunit\u00ab:\u00ab\u00ab,\u00abxs\u00ab:\u00ab\u00ab,\u00absm\u00ab:\u00ab\u00ab,\u00abmd\u00ab:\u00ab\u00ab,\u00ablg\u00ab:\u00ab\u00ab}\u00bb css_params=\u00bb\u00bb][\/vc_column][vc_column width=\u00bb1\/2&#8243;][vc_custom_heading text=\u00bbLegalizaci\u00f3n y licencias\u00bb use_theme_fonts=\u00bbyes\u00bb css_params=\u00bb\u00bb][vc_column_text css=\u00bb\u00bb css_params=\u00bb\u00bb]Nos encargamos de la legalizaci\u00f3n de instalaciones y la tramitaci\u00f3n de licencias ante los organismos competentes, asegurando que todos los proyectos cumplan la normativa vigente.[\/vc_column_text][\/vc_column][\/vc_row][\/vc_section][vc_section full_width=\u00bbstretch_row\u00bb parallax=\u00bbcontent-moving\u00bb parallax_image=\u00bb410&#8243; css=\u00bb.vc_custom_1770966788645{padding-top: 80px !important;padding-bottom: 80px !important;}\u00bb conditional_render=\u00bb%5B%7B%22value_role%22%3A%22administrator%22%7D%5D\u00bb css_params=\u00bb\u00bb el_class=\u00bbmlh_tintar_paralax\u00bb][vc_row gap=\u00bb35&#8243; conditional_render=\u00bb%5B%7B%22value_role%22%3A%22administrator%22%7D%5D\u00bb css_params=\u00bb\u00bb][vc_column width=\u00bb1\/5&#8243;][\/vc_column][vc_column width=\u00bb3\/5&#8243; text_align=\u00bbcenter\u00bb conditional_render=\u00bb%5B%7B%22value_role%22%3A%22administrator%22%7D%5D\u00bb css_params=\u00bb\u00bb][vc_custom_heading text=\u00bbPida informaci\u00f3n sin compromiso\u00bb font_container=\u00bbtag:div|font_size:2em|text_align:center|color:%230a0a0a|line_height:1.2em\u00bb use_theme_fonts=\u00bbyes\u00bb font_family=\u00bbComfortaa\u00bb font_weight=\u00bb700&#8243; letter_spacing=\u00bb-2px\u00bb css=\u00bb.vc_custom_1770966859024{margin-bottom: 15px !important;}\u00bb css_params=\u00bb\u00bb el_class=\u00bbmlh_text_shine\u00bb][vc_column_text css=\u00bb.vc_custom_1770966866974{margin-bottom: 40px !important;}\u00bb text_color=\u00bb#0a0a0a\u00bb text_typography=\u00bb{\u00abfamily\u00ab:\u00abDefault\u00ab,\u00abvariant\u00ab:\u00ab500\u00ab,\u00abfont_size\u00ab:\u00ab1.2em\u00ab,\u00abline_height\u00ab:\u00ab1.2em\u00ab,\u00abletter_spacing\u00ab:\u00ab\u00ab,\u00abtext_transform\u00ab:\u00ab\u00ab}\u00bb css_params=\u00bb\u00bb el_class=\u00bbmlh_text_shine\u00bb]\u00bfQuiere optimizar procesos, reducir errores y ganar eficiencia?<br \/>\nDescubra todo lo que podemos hacer por usted.[\/vc_column_text][vc_btn title=\u00bbContacto\u00bb css=\u00bb.vc_custom_1773244439215{margin-bottom: 0px !important;}\u00bb link=\u00bburl:https%3A%2F%2Fbimbcn.net%2Fes%2F%23contacto\u00bb el_class=\u00bbmlh_btn\u00bb css_params=\u00bb\u00bb][\/vc_column][vc_column width=\u00bb1\/5&#8243;][\/vc_column][\/vc_row][\/vc_section]<\/p>\n<\/div>","protected":false},"excerpt":{"rendered":"<p>[vc_section full_width=\u00bbstretch_row\u00bb css=\u00bb.vc_custom_1773244423996{padding-top: 80px !important;padding-bottom: 80px !important;}\u00bb conditional_render=\u00bb%5B%7B%22value_role%22%3A%22administrator%22%7D%5D\u00bb css_params=\u00bb\u00bb el_id=\u00bbingenieria\u00bb][vc_row gap=\u00bb35&#8243; content_placement=\u00bbmiddle\u00bb conditional_render=\u00bb%5B%7B%22value_role%22%3A%22administrator%22%7D%5D\u00bb css_params=\u00bb\u00bb][vc_column width=\u00bb1\/2&#8243;][vc_custom_heading text=\u00bbIngenier\u00eda de instalaciones\u00bb use_theme_fonts=\u00bbyes\u00bb css_params=\u00bb\u00bb][vc_column_text css=\u00bb\u00bb css_params=\u00bb\u00bb]Dise\u00f1amos y desarrollamos proyectos de instalaciones adaptados a cada edificio y cliente. Desde la idea inicial hasta la documentaci\u00f3n t\u00e9cnica final, nos encargamos de todo el proceso con una visi\u00f3n eficiente, segura y sostenible. [&hellip;]<\/p>\n","protected":false},"author":5,"featured_media":0,"parent":0,"menu_order":0,"comment_status":"closed","ping_status":"closed","template":"","meta":{"_seopress_robots_primary_cat":"","_seopress_titles_title":"%%sitetitle%% %%sep%% %%post_title%%","_seopress_titles_desc":"Descubre nuestros servicios BIM: consultor\u00eda estrat\u00e9gica, modelado 3D, gesti\u00f3n de proyectos y soporte t\u00e9cnico especializado en Barcelona.","_seopress_robots_index":"","footnotes":""},"class_list":["post-467","page","type-page","status-publish","hentry"],"_links":{"self":[{"href":"https:\/\/bimbcn.net\/es\/wp-json\/wp\/v2\/pages\/467","targetHints":{"allow":["GET"]}}],"collection":[{"href":"https:\/\/bimbcn.net\/es\/wp-json\/wp\/v2\/pages"}],"about":[{"href":"https:\/\/bimbcn.net\/es\/wp-json\/wp\/v2\/types\/page"}],"author":[{"embeddable":true,"href":"https:\/\/bimbcn.net\/es\/wp-json\/wp\/v2\/users\/5"}],"replies":[{"embeddable":true,"href":"https:\/\/bimbcn.net\/es\/wp-json\/wp\/v2\/comments?post=467"}],"version-history":[{"count":2,"href":"https:\/\/bimbcn.net\/es\/wp-json\/wp\/v2\/pages\/467\/revisions"}],"predecessor-version":[{"id":481,"href":"https:\/\/bimbcn.net\/es\/wp-json\/wp\/v2\/pages\/467\/revisions\/481"}],"wp:attachment":[{"href":"https:\/\/bimbcn.net\/es\/wp-json\/wp\/v2\/media?parent=467"}],"curies":[{"name":"wp","href":"https:\/\/api.w.org\/{rel}","templated":true}]}}